{"id":3334,"date":"2021-11-10T17:47:09","date_gmt":"2021-11-10T20:47:09","guid":{"rendered":"https:\/\/museunacionalvive.org.br\/institutional\/"},"modified":"2021-11-10T17:47:10","modified_gmt":"2021-11-10T20:47:10","slug":"institutional","status":"publish","type":"page","link":"https:\/\/museunacionalvive.org.br\/en\/institutional\/","title":{"rendered":"Institutional"},"content":{"rendered":"\n<p>The National Museum rebuilding has the support from the institutions related to the Museu Nacional Vive Project and several others, both national and international, which have been collaborating with financial and technical resources since the tragic fire occurred on September 2, 2018.<\/p>\n\n<p>Among the partner institutions, it is the <strong>German Government<\/strong>, which has already contributed some 4 million reais, resources that have enabled several important activities for the collection recovery \u2013 one of them being the reintegration of Luzia, Brazil\u2019s oldest human fossil. The National Museum also received financial support from the governments of <strong>France<\/strong> and <strong>Portugal<\/strong>; and the <strong>British Council<\/strong>. In addition, the <strong>Goethe-Institut <\/strong> has offered important technical support, favoring dialogue between the National Museum and various museum institutions in the Americas and Europe, which will culminate in a Museum International Conference, organized in partnership with the Ministry of Foreign Affairs of the German Government, aiming at discussing topics relevant to Natural History museums.<\/p>\n\n<p>The Project is supported by an Institutional Committee, formed by public and private, national and international institutions that can monitor and contribute to its implementation. An integral part of the governance structure, this Committee is currently composed of the following institutions, which have contributed to the institutional strengthening of the Project: Brazilian Academy of Sciences (ABC), C\u00e2mara Comunit\u00e1ria de S\u00e3o Crist\u00f3v\u00e3o, International Council of Museums \u2013 ICOM, Goethe-Institut, German Government, Ministry of Education (MEC) and Brazilian Society for the Advancement of Science (SBPC), in addition to UFRJ, UNESCO, Vale Cultural Institute and BNDES.<\/p>\n\n<p>Institutions interested in participating in this great mobilization and contributing to the National Museum rebuilding can get in touch by email <a href=\"mailto:parcerias@museunacionalvive.org.br\"><strong>parcerias@museunacionalvive.org.br<\/strong><\/a><\/p>\n","protected":false},"excerpt":{"rendered":"<p>The National Museum rebuilding has the support from the institutions related to the Museu Nacional Vive Project and several others, both national and international, which have been collaborating with financial and technical resources since the tragic fire occurred on September 2, 2018. Among the partner institutions, it is the German Government, which has already contributed [&hellip;]<\/p>\n","protected":false},"author":1,"featured_media":0,"parent":0,"menu_order":0,"comment_status":"closed","ping_status":"closed","template":"","meta":[],"page_category":[],"acf":[],"_links":{"self":[{"href":"https:\/\/museunacionalvive.org.br\/en\/wp-json\/wp\/v2\/pages\/3334"}],"collection":[{"href":"https:\/\/museunacionalvive.org.br\/en\/wp-json\/wp\/v2\/pages"}],"about":[{"href":"https:\/\/museunacionalvive.org.br\/en\/wp-json\/wp\/v2\/types\/page"}],"author":[{"embeddable":true,"href":"https:\/\/museunacionalvive.org.br\/en\/wp-json\/wp\/v2\/users\/1"}],"replies":[{"embeddable":true,"href":"https:\/\/museunacionalvive.org.br\/en\/wp-json\/wp\/v2\/comments?post=3334"}],"version-history":[{"count":3,"href":"https:\/\/museunacionalvive.org.br\/en\/wp-json\/wp\/v2\/pages\/3334\/revisions"}],"predecessor-version":[{"id":3337,"href":"https:\/\/museunacionalvive.org.br\/en\/wp-json\/wp\/v2\/pages\/3334\/revisions\/3337"}],"wp:attachment":[{"href":"https:\/\/museunacionalvive.org.br\/en\/wp-json\/wp\/v2\/media?parent=3334"}],"wp:term":[{"taxonomy":"page_category","embeddable":true,"href":"https:\/\/museunacionalvive.org.br\/en\/wp-json\/wp\/v2\/page_category?post=3334"}],"curies":[{"name":"wp","href":"https:\/\/api.w.org\/{rel}","templated":true}]}}